{"id":1569,"date":"2022-04-14T12:40:30","date_gmt":"2022-04-14T12:40:30","guid":{"rendered":"https:\/\/mudtech.ca\/?page_id=1569"},"modified":"2023-01-28T16:56:19","modified_gmt":"2023-01-28T16:56:19","slug":"mecanique-general","status":"publish","type":"page","link":"https:\/\/mudtech.ca\/?page_id=1569","title":{"rendered":"Mecanique general"},"content":{"rendered":"\t\t<div data-elementor-type=\"wp-page\" data-elementor-id=\"1569\" class=\"elementor elementor-1569\">\n\t\t\t\t\t\t\t\t\t<section class=\"elementor-section elementor-top-section elementor-element elementor-element-764ffbe elementor-section-height-min-height elementor-section-boxed elementor-section-height-default elementor-section-items-middle\" data-id=\"764ffbe\" data-element_type=\"section\" data-settings=\"{&quot;background_background&quot;:&quot;classic&quot;}\">\n\t\t\t\t\t\t\t<div class=\"elementor-background-overlay\"><\/div>\n\t\t\t\t\t\t\t<div class=\"elementor-container elementor-column-gap-default\">\n\t\t\t\t\t<div class=\"elementor-column elementor-col-100 elementor-top-column elementor-element elementor-element-72edeba\" data-id=\"72edeba\" data-element_type=\"column\">\n\t\t\t<div class=\"elementor-widget-wrap\">\n\t\t\t\t\t\t\t\t\t<\/div>\n\t\t<\/div>\n\t\t\t\t\t\t\t<\/div>\n\t\t<\/section>\n\t\t\t\t<section class=\"elementor-section elementor-top-section elementor-element elementor-element-fb86342 elementor-section-boxed elementor-section-height-default elementor-section-height-default\" data-id=\"fb86342\" data-element_type=\"section\">\n\t\t\t\t\t\t\t<div class=\"elementor-background-overlay\"><\/div>\n\t\t\t\t\t\t\t<div class=\"elementor-container elementor-column-gap-default\">\n\t\t\t\t\t<div class=\"elementor-column elementor-col-100 elementor-top-column elementor-element elementor-element-1403495\" data-id=\"1403495\" data-element_type=\"column\">\n\t\t\t<div class=\"elementor-widget-wrap elementor-element-populated\">\n\t\t\t\t\t\t\t\t<div class=\"elementor-element elementor-element-d1c99e0 elementor-widget elementor-widget-heading\" data-id=\"d1c99e0\" data-element_type=\"widget\" data-widget_type=\"heading.default\">\n\t\t\t\t<div class=\"elementor-widget-container\">\n\t\t\t<style>\/*! elementor - v3.18.0 - 20-12-2023 *\/\n.elementor-heading-title{padding:0;margin:0;line-height:1}.elementor-widget-heading .elementor-heading-title[class*=elementor-size-]>a{color:inherit;font-size:inherit;line-height:inherit}.elementor-widget-heading .elementor-heading-title.elementor-size-small{font-size:15px}.elementor-widget-heading .elementor-heading-title.elementor-size-medium{font-size:19px}.elementor-widget-heading .elementor-heading-title.elementor-size-large{font-size:29px}.elementor-widget-heading .elementor-heading-title.elementor-size-xl{font-size:39px}.elementor-widget-heading .elementor-heading-title.elementor-size-xxl{font-size:59px}<\/style><h2 class=\"elementor-heading-title elementor-size-default\">M\u00c9CANIQUE G\u00c9N\u00c9RALE<\/h2>\t\t<\/div>\n\t\t\t\t<\/div>\n\t\t\t\t\t<\/div>\n\t\t<\/div>\n\t\t\t\t\t\t\t<\/div>\n\t\t<\/section>\n\t\t\t\t<section class=\"elementor-section elementor-top-section elementor-element elementor-element-77d425d elementor-section-boxed elementor-section-height-default elementor-section-height-default\" data-id=\"77d425d\" data-element_type=\"section\" data-settings=\"{&quot;background_background&quot;:&quot;classic&quot;}\">\n\t\t\t\t\t\t<div class=\"elementor-container elementor-column-gap-default\">\n\t\t\t\t\t<div class=\"elementor-column elementor-col-100 elementor-top-column elementor-element elementor-element-aaaaaa1\" data-id=\"aaaaaa1\" data-element_type=\"column\" data-settings=\"{&quot;background_background&quot;:&quot;classic&quot;}\">\n\t\t\t<div class=\"elementor-widget-wrap elementor-element-populated\">\n\t\t\t\t\t\t\t\t<div class=\"elementor-element elementor-element-7ddc795 elementor-widget elementor-widget-text-editor\" data-id=\"7ddc795\" data-element_type=\"widget\" data-widget_type=\"text-editor.default\">\n\t\t\t\t<div class=\"elementor-widget-container\">\n\t\t\t<style>\/*! elementor - v3.18.0 - 20-12-2023 *\/\n.elementor-widget-text-editor.elementor-drop-cap-view-stacked .elementor-drop-cap{background-color:#69727d;color:#fff}.elementor-widget-text-editor.elementor-drop-cap-view-framed .elementor-drop-cap{color:#69727d;border:3px solid;background-color:transparent}.elementor-widget-text-editor:not(.elementor-drop-cap-view-default) .elementor-drop-cap{margin-top:8px}.elementor-widget-text-editor:not(.elementor-drop-cap-view-default) .elementor-drop-cap-letter{width:1em;height:1em}.elementor-widget-text-editor .elementor-drop-cap{float:left;text-align:center;line-height:1;font-size:50px}.elementor-widget-text-editor .elementor-drop-cap-letter{display:inline-block}<\/style>\t\t\t\t<p>Nous faisons l&#8217;entretien, l&#8217;inspection ou toute r\u00e9paration reli\u00e9e \u00e0 la m\u00e9canique de votre v\u00e9hicule.<br \/><span style=\"word-spacing: 0.1em; letter-spacing: var(--bodyLetterSpacing); text-transform: var(--bodyTextTransform);\"><br \/>Nous touchons \u00e0 tout!<\/span><\/p><p><span style=\"word-spacing: 0.1em; letter-spacing: var(--bodyLetterSpacing); text-transform: var(--bodyTextTransform);\">Mudtech \u00e0 fait ses preuves depuis plus de 10ans maintenant dans le domaine de la modification et la performance de v\u00e9hicules hors route.\u00a0<\/span><\/p><p><span style=\"word-spacing: 0.1em; letter-spacing: var(--bodyLetterSpacing); text-transform: var(--bodyTextTransform);\">Nous sommes sp\u00e9cialis\u00e9s et adapt\u00e9s pour toucher \u00e0 tout les marques de v\u00e9hicules vendus en am\u00e9rique du nord, except\u00e9, les v\u00e9hicules \u00e9lectriques.\u00a0<\/span><\/p><p>Nos tarifs sont de <strong>90$\/h<\/strong><\/p><p>Vous avez un cas d&#8217;assurance? On s&#8217;en occupe!<\/p><p>\u00a0<\/p>\t\t\t\t\t\t<\/div>\n\t\t\t\t<\/div>\n\t\t\t\t\t<\/div>\n\t\t<\/div>\n\t\t\t\t\t\t\t<\/div>\n\t\t<\/section>\n\t\t\t\t\t\t\t<\/div>\n\t\t","protected":false},"excerpt":{"rendered":"<p>M\u00c9CANIQUE G\u00c9N\u00c9RALE Nous faisons l&#8217;entretien, l&#8217;inspection ou toute r\u00e9paration reli\u00e9e \u00e0 la m\u00e9canique de votre v\u00e9hicule. Nous touchons \u00e0 tout! Mudtech \u00e0 fait ses preuves depuis plus de 10ans maintenant dans le domaine de la modification et la performance de v\u00e9hicules hors route.\u00a0 Nous sommes sp\u00e9cialis\u00e9s et adapt\u00e9s pour toucher \u00e0 tout les marques de&hellip;&nbsp;<a href=\"https:\/\/mudtech.ca\/?page_id=1569\" class=\"\" rel=\"bookmark\">Lire la suite &raquo;<span class=\"screen-reader-text\">Mecanique general<\/span><\/a><\/p>\n","protected":false},"author":1,"featured_media":0,"parent":0,"menu_order":0,"comment_status":"closed","ping_status":"closed","template":"page-templates\/template-pagebuilder-full-width.php","meta":{"neve_meta_sidebar":"","neve_meta_container":"","neve_meta_enable_content_width":"","neve_meta_content_width":0,"neve_meta_title_alignment":"","neve_meta_author_avatar":"","neve_post_elements_order":"","neve_meta_disable_header":"","neve_meta_disable_footer":"","neve_meta_disable_title":"","footnotes":""},"class_list":["post-1569","page","type-page","status-publish","hentry"],"_links":{"self":[{"href":"https:\/\/mudtech.ca\/index.php?rest_route=\/wp\/v2\/pages\/1569","targetHints":{"allow":["GET"]}}],"collection":[{"href":"https:\/\/mudtech.ca\/index.php?rest_route=\/wp\/v2\/pages"}],"about":[{"href":"https:\/\/mudtech.ca\/index.php?rest_route=\/wp\/v2\/types\/page"}],"author":[{"embeddable":true,"href":"https:\/\/mudtech.ca\/index.php?rest_route=\/wp\/v2\/users\/1"}],"replies":[{"embeddable":true,"href":"https:\/\/mudtech.ca\/index.php?rest_route=%2Fwp%2Fv2%2Fcomments&post=1569"}],"version-history":[{"count":19,"href":"https:\/\/mudtech.ca\/index.php?rest_route=\/wp\/v2\/pages\/1569\/revisions"}],"predecessor-version":[{"id":2442,"href":"https:\/\/mudtech.ca\/index.php?rest_route=\/wp\/v2\/pages\/1569\/revisions\/2442"}],"wp:attachment":[{"href":"https:\/\/mudtech.ca\/index.php?rest_route=%2Fwp%2Fv2%2Fmedia&parent=1569"}],"curies":[{"name":"wp","href":"https:\/\/api.w.org\/{rel}","templated":true}]}}